{"id":44,"date":"2024-05-10T11:28:07","date_gmt":"2024-05-10T11:28:07","guid":{"rendered":"https:\/\/www.pulvanocnibeh.cz\/?page_id=44"},"modified":"2024-05-10T13:30:17","modified_gmt":"2024-05-10T13:30:17","slug":"pulvanocni-beh-olomouci-registrace-2024","status":"publish","type":"page","link":"https:\/\/www.pulvanocnibeh.cz\/?page_id=44","title":{"rendered":"P\u016eV\u00c1NO\u010cN\u00cd B\u011aH OLOMOUC\u00cd  REGISTRACE 2024"},"content":{"rendered":"\n<p><strong>Startovn\u00e9<\/strong><\/p>\n\n\n\n<p>Sou\u010dasn\u011b s vypln\u011bn\u00edm registra\u010dn\u00edho formul\u00e1\u0159e zapla\u0165te pros\u00edm startovn\u00e9 na transparentn\u00ed \u00fa\u010det u <strong>Raiffeisen bank: 24002406\/5500<\/strong>.<\/p>\n\n\n\n<p>Startovn\u00e9 m\u016f\u017eete zaplatit i p\u0159\u00edmo na m\u00edst\u011b, ale p\u0159evodem na \u00fa\u010det urychl\u00edte odbaven\u00ed na startu a nebudete muset \u010dekat ve front\u011b.<\/p>\n\n\n\n<p>Minim\u00e1ln\u00ed startovn\u00e9 \u010din\u00ed 300 K\u010d na osobu, ale m\u016f\u017eete poslat i jakoukoliv vy\u0161\u0161\u00ed \u010d\u00e1stku, kter\u00e1 se zapo\u010d\u00edt\u00e1 do celkov\u00e9ho v\u00fdt\u011b\u017eku a bude p\u0159ed\u00e1na p\u0159\u00edjemc\u016fm akce. <\/p>\n\n\n\n<p>D\u011bti do 12 let v&nbsp;doprovodu rodi\u010d\u016f startovn\u00e9 neplat\u00ed (v\u00e1no\u010dn\u00ed ob\u010derstven\u00ed v c\u00edli je zdarma pouze pro \u00fa\u010dastn\u00edky se startovn\u00edm \u010d\u00edslem).<\/p>\n\n\n\n<p>Startovn\u00e9 zahrnuje ob\u010derstven\u00ed v&nbsp;c\u00edli: <\/p>\n\n\n\n<ul class=\"wp-block-list\">\n<li>v\u00e1no\u010dn\u00ed cukrov<\/li>\n\n\n\n<li>\u0159\u00edzek a bramborov\u00fd sal\u00e1t<\/li>\n\n\n\n<li>n\u00e1poj.<\/li>\n<\/ul>\n\n\n\n<p>Nav\u00edc v\u0161icni startuj\u00edc\u00ed sout\u011b\u017e\u00ed o nejlep\u0161\u00ed v\u00e1no\u010dn\u00ed a kost\u00fdm kde bude p\u0159ed\u00e1na cena pro jednotlivce i team. <\/p>\n\n\n\n<p><\/p>\n\n\n\n<div class=\"wpcf7 no-js\" id=\"wpcf7-f41-o1\" lang=\"cs-CZ\" dir=\"ltr\">\n<div class=\"screen-reader-response\"><p role=\"status\" aria-live=\"polite\" aria-atomic=\"true\"><\/p> <ul><\/ul><\/div>\n<form action=\"\/index.php?rest_route=%2Fwp%2Fv2%2Fpages%2F44#wpcf7-f41-o1\" method=\"post\" class=\"wpcf7-form init\" aria-label=\"Kontaktn\u00ed formul\u00e1\u0159\" novalidate=\"novalidate\" data-status=\"init\">\n<div style=\"display: none;\">\n<input type=\"hidden\" name=\"_wpcf7\" value=\"41\" \/>\n<input type=\"hidden\" name=\"_wpcf7_version\" value=\"5.9.4\" \/>\n<input type=\"hidden\" name=\"_wpcf7_locale\" value=\"cs_CZ\" \/>\n<input type=\"hidden\" name=\"_wpcf7_unit_tag\" value=\"wpcf7-f41-o1\" \/>\n<input type=\"hidden\" name=\"_wpcf7_container_post\" value=\"0\" \/>\n<input type=\"hidden\" name=\"_wpcf7_posted_data_hash\" value=\"\" \/>\n<\/div>\n<p><label> Va\u0161e jm\u00e9no a p\u0159\u00edjmen\u00ed<br \/>\n<span class=\"wpcf7-form-control-wrap\" data-name=\"your-name\"><input size=\"40\" class=\"wpcf7-form-control wpcf7-text wpcf7-validates-as-required\" autocomplete=\"name\" aria-required=\"true\" aria-invalid=\"false\" value=\"\" type=\"text\" name=\"your-name\" \/><\/span> <\/label>\n<\/p>\n<p><label> V\u00e1\u0161 e-mail<br \/>\n<span class=\"wpcf7-form-control-wrap\" data-name=\"your-email\"><input size=\"40\" class=\"wpcf7-form-control wpcf7-email wpcf7-validates-as-required wpcf7-text wpcf7-validates-as-email\" autocomplete=\"email\" aria-required=\"true\" aria-invalid=\"false\" value=\"\" type=\"email\" name=\"your-email\" \/><\/span> <\/label>\n<\/p>\n<p><label> Uve\u010fte po\u010det startuj\u00edc\u00edch<br \/>\n<span class=\"wpcf7-form-control-wrap\" data-name=\"your-subject\"><input size=\"40\" class=\"wpcf7-form-control wpcf7-text wpcf7-validates-as-required\" aria-required=\"true\" aria-invalid=\"false\" value=\"\" type=\"text\" name=\"your-subject\" \/><\/span> <\/label>\n<\/p>\n<p><label> Va\u0161e zpr\u00e1va (voliteln\u00fd)<br \/>\n<span class=\"wpcf7-form-control-wrap\" data-name=\"your-message\"><textarea cols=\"40\" rows=\"10\" class=\"wpcf7-form-control wpcf7-textarea\" aria-invalid=\"false\" name=\"your-message\"><\/textarea><\/span> <\/label>\n<\/p>\n<p><input class=\"wpcf7-form-control wpcf7-submit has-spinner\" type=\"submit\" value=\"Odeslat\" \/>\n<\/p><p style=\"display: none !important;\" class=\"akismet-fields-container\" data-prefix=\"_wpcf7_ak_\"><label>&#916;<textarea name=\"_wpcf7_ak_hp_textarea\" cols=\"45\" rows=\"8\" maxlength=\"100\"><\/textarea><\/label><input type=\"hidden\" id=\"ak_js_1\" name=\"_wpcf7_ak_js\" value=\"194\"\/><script>document.getElementById( \"ak_js_1\" ).setAttribute( \"value\", ( new Date() ).getTime() );<\/script><\/p><div class=\"wpcf7-response-output\" aria-hidden=\"true\"><\/div>\n<\/form>\n<\/div>\n\n\n\n\n<figure class=\"wp-block-image size-large\"><img loading=\"lazy\" decoding=\"async\" width=\"1024\" height=\"683\" src=\"https:\/\/www.pulvanocnibeh.cz\/wp-content\/uploads\/2024\/05\/2018__aDSC_3965-1024x683.jpg\" alt=\"\" class=\"wp-image-50\" srcset=\"https:\/\/www.pulvanocnibeh.cz\/wp-content\/uploads\/2024\/05\/2018__aDSC_3965-1024x683.jpg 1024w, https:\/\/www.pulvanocnibeh.cz\/wp-content\/uploads\/2024\/05\/2018__aDSC_3965-300x200.jpg 300w, https:\/\/www.pulvanocnibeh.cz\/wp-content\/uploads\/2024\/05\/2018__aDSC_3965-768x512.jpg 768w, https:\/\/www.pulvanocnibeh.cz\/wp-content\/uploads\/2024\/05\/2018__aDSC_3965-1536x1024.jpg 1536w, https:\/\/www.pulvanocnibeh.cz\/wp-content\/uploads\/2024\/05\/2018__aDSC_3965-2048x1365.jpg 2048w\" sizes=\"auto, (max-width: 1024px) 100vw, 1024px\" \/><\/figure>\n\n\n\n<figure class=\"wp-block-image size-large\"><img loading=\"lazy\" decoding=\"async\" width=\"1024\" height=\"683\" src=\"https:\/\/www.pulvanocnibeh.cz\/wp-content\/uploads\/2024\/05\/2018__baDSC_4253-1024x683.jpg\" alt=\"\" class=\"wp-image-49\" srcset=\"https:\/\/www.pulvanocnibeh.cz\/wp-content\/uploads\/2024\/05\/2018__baDSC_4253-1024x683.jpg 1024w, https:\/\/www.pulvanocnibeh.cz\/wp-content\/uploads\/2024\/05\/2018__baDSC_4253-300x200.jpg 300w, https:\/\/www.pulvanocnibeh.cz\/wp-content\/uploads\/2024\/05\/2018__baDSC_4253-768x512.jpg 768w, https:\/\/www.pulvanocnibeh.cz\/wp-content\/uploads\/2024\/05\/2018__baDSC_4253-1536x1024.jpg 1536w, https:\/\/www.pulvanocnibeh.cz\/wp-content\/uploads\/2024\/05\/2018__baDSC_4253-2048x1365.jpg 2048w\" sizes=\"auto, (max-width: 1024px) 100vw, 1024px\" \/><\/figure>\n","protected":false},"excerpt":{"rendered":"<p>Startovn\u00e9 Sou\u010dasn\u011b s vypln\u011bn\u00edm registra\u010dn\u00edho formul\u00e1\u0159e zapla\u0165te pros\u00edm startovn\u00e9 na transparentn\u00ed \u00fa\u010det u Raiffeisen bank: 24002406\/5500. Startovn\u00e9 m\u016f\u017eete zaplatit i p\u0159\u00edmo na m\u00edst\u011b, ale p\u0159evodem na \u00fa\u010det urychl\u00edte odbaven\u00ed na startu a nebudete muset \u010dekat ve front\u011b. Minim\u00e1ln\u00ed startovn\u00e9 \u010din\u00ed 300 K\u010d na osobu, ale m\u016f\u017eete poslat i jakoukoliv vy\u0161\u0161\u00ed \u010d\u00e1stku, kter\u00e1 se zapo\u010d\u00edt\u00e1 do [&hellip;]<\/p>\n","protected":false},"author":1,"featured_media":0,"parent":2,"menu_order":0,"comment_status":"closed","ping_status":"closed","template":"","meta":{"footnotes":""},"class_list":["post-44","page","type-page","status-publish","hentry"],"_links":{"self":[{"href":"https:\/\/www.pulvanocnibeh.cz\/index.php?rest_route=\/wp\/v2\/pages\/44","targetHints":{"allow":["GET"]}}],"collection":[{"href":"https:\/\/www.pulvanocnibeh.cz\/index.php?rest_route=\/wp\/v2\/pages"}],"about":[{"href":"https:\/\/www.pulvanocnibeh.cz\/index.php?rest_route=\/wp\/v2\/types\/page"}],"author":[{"embeddable":true,"href":"https:\/\/www.pulvanocnibeh.cz\/index.php?rest_route=\/wp\/v2\/users\/1"}],"replies":[{"embeddable":true,"href":"https:\/\/www.pulvanocnibeh.cz\/index.php?rest_route=%2Fwp%2Fv2%2Fcomments&post=44"}],"version-history":[{"count":8,"href":"https:\/\/www.pulvanocnibeh.cz\/index.php?rest_route=\/wp\/v2\/pages\/44\/revisions"}],"predecessor-version":[{"id":91,"href":"https:\/\/www.pulvanocnibeh.cz\/index.php?rest_route=\/wp\/v2\/pages\/44\/revisions\/91"}],"up":[{"embeddable":true,"href":"https:\/\/www.pulvanocnibeh.cz\/index.php?rest_route=\/wp\/v2\/pages\/2"}],"wp:attachment":[{"href":"https:\/\/www.pulvanocnibeh.cz\/index.php?rest_route=%2Fwp%2Fv2%2Fmedia&parent=44"}],"curies":[{"name":"wp","href":"https:\/\/api.w.org\/{rel}","templated":true}]}}