{"id":73,"date":"2024-05-10T13:10:28","date_gmt":"2024-05-10T13:10:28","guid":{"rendered":"https:\/\/www.pulvanocnibeh.cz\/?page_id=73"},"modified":"2024-05-10T13:31:28","modified_gmt":"2024-05-10T13:31:28","slug":"pulvanocni-beh-olomouci","status":"publish","type":"page","link":"https:\/\/www.pulvanocnibeh.cz\/?page_id=73","title":{"rendered":"P\u016eV\u00c1NO\u010cN\u00cd B\u011aH OLOMOUC\u00cd HISTORIE"},"content":{"rendered":"\n<p><strong>ANEB B\u011a\u017d\u00cdME PRO TY CO B\u011a\u017dET NEMOHOU<\/strong><\/p>\n\n\n\n<h2 class=\"wp-block-heading\">HISTORIE<\/h2>\n\n\n\n<p>\u201eP\u016flv\u00e1no\u010dn\u00ed b\u011bh Olomouc\u00ed\u201c, kter\u00fd se poprv\u00e9 konal v roce 2014, vznikl p\u016fvodn\u011b jako recese, ale ji\u017e v pr\u016fb\u011bhu p\u0159\u00edprav 1. ro\u010dn\u00edku z\u00edskal je\u0161t\u011b dal\u0161\u00ed \u2013 charitativn\u00ed rozm\u011br. Pr\u016fb\u011bh a zejm\u00e9na finan\u010dn\u00ed v\u00fdsledek 1. ro\u010dn\u00edku organiz\u00e1tory p\u0159\u00edjemn\u011b p\u0159ekvapil a rozhodli se proto zalo\u017eit novou tradici. V\u00fdsledek 2. ro\u010dn\u00edku p\u0159ekonal pak v\u0161echna o\u010dek\u00e1v\u00e1n\u00ed a uk\u00e1zal, \u017ee \u201eP\u016flv\u00e1no\u010dn\u00ed b\u011bh Olomouc\u00ed\u201c m\u00e1 \u0161anci za\u0159adit se nejen mezi tradi\u010dn\u00ed ud\u00e1losti p\u0159isp\u00edvaj\u00edc\u00ed k dal\u0161\u00edmu rozvoji turistick\u00e9ho ruchu v Olomouci, ale tak\u00e9 mezi charitativn\u00ed projekty, kter\u00e9 dok\u00e1\u017e\u00ed vybrat nemalou sumu finan\u010dn\u00edch prost\u0159edk\u016f a p\u0159isp\u011bt tak z\u00e1sadn\u00edm zp\u016fsobem na dobrou v\u011bc.<\/p>\n\n\n\n<h2 class=\"wp-block-heading has-text-align-center\"><strong>4. ro\u010dn\u00edk 2018<\/strong><\/h2>\n\n\n\n<figure class=\"wp-block-image size-full\"><img loading=\"lazy\" decoding=\"async\" width=\"1024\" height=\"528\" src=\"https:\/\/www.pulvanocnibeh.cz\/wp-content\/uploads\/2024\/05\/image-3.png\" alt=\"\" class=\"wp-image-74\" srcset=\"https:\/\/www.pulvanocnibeh.cz\/wp-content\/uploads\/2024\/05\/image-3.png 1024w, https:\/\/www.pulvanocnibeh.cz\/wp-content\/uploads\/2024\/05\/image-3-300x155.png 300w, https:\/\/www.pulvanocnibeh.cz\/wp-content\/uploads\/2024\/05\/image-3-768x396.png 768w\" sizes=\"auto, (max-width: 1024px) 100vw, 1024px\" \/><\/figure>\n\n\n\n<figure class=\"wp-block-table\"><table><thead><tr><th class=\"has-text-align-center\" data-align=\"center\">Z\u00e1vodn\u00edk\u016f<\/th><th class=\"has-text-align-center\" data-align=\"center\">\u00da\u010dastn\u00edk\u016f<\/th><th class=\"has-text-align-center\" data-align=\"center\">V\u00fdt\u011b\u017eek z akce<\/th><\/tr><\/thead><tbody><tr><td class=\"has-text-align-center\" data-align=\"center\">150<\/td><td class=\"has-text-align-center\" data-align=\"center\">400<\/td><td class=\"has-text-align-center\" data-align=\"center\">206 503 K\u010d<\/td><\/tr><\/tbody><\/table><\/figure>\n\n\n\n<h2 class=\"wp-block-heading has-text-align-center\"><strong>3. ro\u010dn\u00edk 2016<\/strong><\/h2>\n\n\n\n<figure class=\"wp-block-image size-full\"><img loading=\"lazy\" decoding=\"async\" width=\"931\" height=\"627\" src=\"https:\/\/www.pulvanocnibeh.cz\/wp-content\/uploads\/2024\/05\/image-4.png\" alt=\"\" class=\"wp-image-75\" srcset=\"https:\/\/www.pulvanocnibeh.cz\/wp-content\/uploads\/2024\/05\/image-4.png 931w, https:\/\/www.pulvanocnibeh.cz\/wp-content\/uploads\/2024\/05\/image-4-300x202.png 300w, https:\/\/www.pulvanocnibeh.cz\/wp-content\/uploads\/2024\/05\/image-4-768x517.png 768w\" sizes=\"auto, (max-width: 931px) 100vw, 931px\" \/><\/figure>\n\n\n\n<figure class=\"wp-block-table\"><table><thead><tr><th class=\"has-text-align-center\" data-align=\"center\">Z\u00e1vodn\u00edk\u016f<\/th><th class=\"has-text-align-center\" data-align=\"center\">\u00da\u010dastn\u00edk\u016f<\/th><th class=\"has-text-align-center\" data-align=\"center\">V\u00fdt\u011b\u017eek z akce<\/th><\/tr><\/thead><tbody><tr><td class=\"has-text-align-center\" data-align=\"center\">150<\/td><td class=\"has-text-align-center\" data-align=\"center\">400<\/td><td class=\"has-text-align-center\" data-align=\"center\">200 441 K\u010d<\/td><\/tr><\/tbody><\/table><\/figure>\n\n\n\n<h2 class=\"wp-block-heading has-text-align-center\"><strong>2. ro\u010dn\u00edk 2015<\/strong><\/h2>\n\n\n\n<figure class=\"wp-block-image size-full\"><img loading=\"lazy\" decoding=\"async\" width=\"930\" height=\"624\" src=\"https:\/\/www.pulvanocnibeh.cz\/wp-content\/uploads\/2024\/05\/image-5.png\" alt=\"\" class=\"wp-image-76\" srcset=\"https:\/\/www.pulvanocnibeh.cz\/wp-content\/uploads\/2024\/05\/image-5.png 930w, https:\/\/www.pulvanocnibeh.cz\/wp-content\/uploads\/2024\/05\/image-5-300x201.png 300w, https:\/\/www.pulvanocnibeh.cz\/wp-content\/uploads\/2024\/05\/image-5-768x515.png 768w\" sizes=\"auto, (max-width: 930px) 100vw, 930px\" \/><\/figure>\n\n\n\n<figure class=\"wp-block-table\"><table><thead><tr><th class=\"has-text-align-center\" data-align=\"center\">Z\u00e1vodn\u00edk\u016f<\/th><th class=\"has-text-align-center\" data-align=\"center\">\u00da\u010dastn\u00edk\u016f<\/th><th class=\"has-text-align-center\" data-align=\"center\">V\u00fdt\u011b\u017eek z akce<\/th><\/tr><\/thead><tbody><tr><td class=\"has-text-align-center\" data-align=\"center\">100<\/td><td class=\"has-text-align-center\" data-align=\"center\">300<\/td><td class=\"has-text-align-center\" data-align=\"center\">161 200 K\u010d<\/td><\/tr><\/tbody><\/table><\/figure>\n\n\n\n<p><\/p>\n\n\n\n<h2 class=\"wp-block-heading has-text-align-center\"><strong>1. ro\u010dn\u00edk 2014<\/strong><\/h2>\n\n\n\n<figure class=\"wp-block-image size-full\"><img loading=\"lazy\" decoding=\"async\" width=\"960\" height=\"639\" src=\"https:\/\/www.pulvanocnibeh.cz\/wp-content\/uploads\/2024\/05\/image-6.png\" alt=\"\" class=\"wp-image-77\" srcset=\"https:\/\/www.pulvanocnibeh.cz\/wp-content\/uploads\/2024\/05\/image-6.png 960w, https:\/\/www.pulvanocnibeh.cz\/wp-content\/uploads\/2024\/05\/image-6-300x200.png 300w, https:\/\/www.pulvanocnibeh.cz\/wp-content\/uploads\/2024\/05\/image-6-768x511.png 768w\" sizes=\"auto, (max-width: 960px) 100vw, 960px\" \/><\/figure>\n\n\n\n<figure class=\"wp-block-table\"><table><thead><tr><th class=\"has-text-align-center\" data-align=\"center\">Z\u00e1vodn\u00edk\u016f<\/th><th class=\"has-text-align-center\" data-align=\"center\">\u00da\u010dastn\u00edk\u016f<\/th><th class=\"has-text-align-center\" data-align=\"center\">V\u00fdt\u011b\u017eek z akce<\/th><\/tr><\/thead><tbody><tr><td class=\"has-text-align-center\" data-align=\"center\">55<\/td><td class=\"has-text-align-center\" data-align=\"center\">100<\/td><td class=\"has-text-align-center\" data-align=\"center\">55 000 K\u010d<\/td><\/tr><\/tbody><\/table><\/figure>\n","protected":false},"excerpt":{"rendered":"<p>ANEB B\u011a\u017d\u00cdME PRO TY CO B\u011a\u017dET NEMOHOU HISTORIE \u201eP\u016flv\u00e1no\u010dn\u00ed b\u011bh Olomouc\u00ed\u201c, kter\u00fd se poprv\u00e9 konal v roce 2014, vznikl p\u016fvodn\u011b jako recese, ale ji\u017e v pr\u016fb\u011bhu p\u0159\u00edprav 1. ro\u010dn\u00edku z\u00edskal je\u0161t\u011b dal\u0161\u00ed \u2013 charitativn\u00ed rozm\u011br. Pr\u016fb\u011bh a zejm\u00e9na finan\u010dn\u00ed v\u00fdsledek 1. ro\u010dn\u00edku organiz\u00e1tory p\u0159\u00edjemn\u011b p\u0159ekvapil a rozhodli se proto zalo\u017eit novou tradici. V\u00fdsledek 2. ro\u010dn\u00edku [&hellip;]<\/p>\n","protected":false},"author":1,"featured_media":0,"parent":2,"menu_order":0,"comment_status":"closed","ping_status":"closed","template":"","meta":{"footnotes":""},"class_list":["post-73","page","type-page","status-publish","hentry"],"_links":{"self":[{"href":"https:\/\/www.pulvanocnibeh.cz\/index.php?rest_route=\/wp\/v2\/pages\/73","targetHints":{"allow":["GET"]}}],"collection":[{"href":"https:\/\/www.pulvanocnibeh.cz\/index.php?rest_route=\/wp\/v2\/pages"}],"about":[{"href":"https:\/\/www.pulvanocnibeh.cz\/index.php?rest_route=\/wp\/v2\/types\/page"}],"author":[{"embeddable":true,"href":"https:\/\/www.pulvanocnibeh.cz\/index.php?rest_route=\/wp\/v2\/users\/1"}],"replies":[{"embeddable":true,"href":"https:\/\/www.pulvanocnibeh.cz\/index.php?rest_route=%2Fwp%2Fv2%2Fcomments&post=73"}],"version-history":[{"count":6,"href":"https:\/\/www.pulvanocnibeh.cz\/index.php?rest_route=\/wp\/v2\/pages\/73\/revisions"}],"predecessor-version":[{"id":92,"href":"https:\/\/www.pulvanocnibeh.cz\/index.php?rest_route=\/wp\/v2\/pages\/73\/revisions\/92"}],"up":[{"embeddable":true,"href":"https:\/\/www.pulvanocnibeh.cz\/index.php?rest_route=\/wp\/v2\/pages\/2"}],"wp:attachment":[{"href":"https:\/\/www.pulvanocnibeh.cz\/index.php?rest_route=%2Fwp%2Fv2%2Fmedia&parent=73"}],"curies":[{"name":"wp","href":"https:\/\/api.w.org\/{rel}","templated":true}]}}